{"id":57781,"date":"2017-05-10T11:43:40","date_gmt":"2017-05-10T09:43:40","guid":{"rendered":"https:\/\/undsgn.com\/uncode_new\/?page_id=57781"},"modified":"2023-02-01T13:14:18","modified_gmt":"2023-02-01T12:14:18","slug":"it","status":"publish","type":"page","link":"https:\/\/www.itcwine.com\/en\/","title":{"rendered":"ITC wine"},"content":{"rendered":"<div data-parent=\"true\" class=\"vc_row row-container boomapps_vcrow\" style=\"z-index: 2;\" id=\"row-unique-0\"><div class=\"row single-top-padding double-bottom-padding double-h-padding limit-width row-parent\"><div class=\"wpb_row row-inner\"><div class=\"wpb_column pos-top pos-center align_center column_parent col-lg-12 boomapps_vccolumn single-internal-gutter\"><div class=\"uncol style-dark font-110369 shift_y_neg_quad shift_y_fixed\"  ><div class=\"uncoltable\"><div class=\"uncell  boomapps_vccolumn double-block-padding style-color-198550-bg unshadow-std unradius-std\" ><div class=\"uncont\"><div class=\"vc_custom_heading_wrap\"><div class=\"heading-text el-text\" ><h2 class=\"font-654085 fontsize-160000 fontspace-135905 text-uppercase\" ><span>About us<\/span><\/h2><\/div><div class=\"clear\"><\/div><\/div><div class=\"vc_row row-internal row-container boomapps_vcrow\"><div class=\"row row-child\"><div class=\"wpb_row row-inner\"><div class=\"wpb_column pos-middle pos-center align_right align_center_tablet align_center_mobile column_child col-lg-6 boomapps_vccolumn single-internal-gutter\"><div class=\"uncol style-dark font-654085\" ><div class=\"uncoltable\"><div class=\"uncell  boomapps_vccolumn border-transparent-color one-block-padding\" ><div class=\"uncont\"><div class=\"vc_custom_heading_wrap\"><div class=\"heading-text el-text\" ><h1 class=\"font-654085 fontsize-338686 font-weight-600 text-color-xsdn-color text-uppercase\" ><span>Partners<\/p><\/span><span><p>in<\/p><\/span><span><p>wine<\/span><\/h1><\/div><div class=\"clear\"><\/div><\/div><\/div><\/div><\/div><\/div><\/div><div class=\"wpb_column pos-top pos-center align_left column_child col-lg-6 boomapps_vccolumn single-internal-gutter\"><div class=\"uncol style-light\" ><div class=\"uncoltable\"><div class=\"uncell  vc_custom_1674735169805 boomapps_vccolumn border-color-xsdn-color single-block-padding\" style=\"border-style: solid;border-left-width: 5px ;\" ><div class=\"uncont\"><div class=\"vc_custom_heading_wrap\"><div class=\"heading-text el-text\" ><h3 class=\"font-654085 h3 fontheight-357766 font-weight-400 text-color-xsdn-color\" ><span><b>ITC Wine<\/b><span style=\"font-weight: 400;\"> is <\/span><b>a union of wine producers<\/b><span style=\"font-weight: 400;\">, born in 2017 in order to maximize support, customer services and budget management through a close cooperation between different realities <\/span><\/span><\/h3><\/div><div class=\"clear\"><\/div><\/div><\/div><\/div><\/div><\/div><\/div><\/div><\/div><\/div><\/div><\/div><\/div><\/div><\/div><script id=\"script-row-unique-0\" data-row=\"script-row-unique-0\" type=\"text\/javascript\" class=\"vc_controls\">UNCODE.initRow(document.getElementById(\"row-unique-0\"));<\/script><\/div><\/div><\/div><div data-parent=\"true\" class=\"vc_row style-color-rgdb-bg row-container boomapps_vcrow\" id=\"row-unique-1\"><div class=\"row quad-top-padding quad-bottom-padding single-h-padding full-width row-parent\"><div class=\"wpb_row auto-height-device row-inner\"><div class=\"wpb_column pos-middle pos-center align_center align_center_tablet align_center_mobile column_parent col-lg-12 boomapps_vccolumn col-md-100 col-sm-100 single-internal-gutter shift-col-wa\"><div class=\"uncol style-dark font-110369 shift_y_down_triple shift_y_down_fixed\"  ><div class=\"uncoltable\"><div class=\"uncell  boomapps_vccolumn\" ><div class=\"uncont no-block-padding col-custom-width\" style=\"max-width:90%;\"><div class=\"vc_row row-internal row-container boomapps_vcrow\"><div class=\"row row-child\"><div class=\"wpb_row row-inner\"><div class=\"wpb_column pos-top pos-center align_center align_center_tablet align_center_mobile column_child col-lg-4 boomapps_vccolumn col-md-100 single-internal-gutter\"><div class=\"uncol style-dark\" ><div class=\"uncoltable\"><div class=\"uncell  boomapps_vccolumn no-block-padding\" ><div class=\"uncont\"><div class=\"animate_when_almost_visible zoom-out icon-box icon-box-top  icon-media-image\" data-delay=\"400\"><div class=\"icon-box-icon fa-container\" style=\"width:150px;\"><span class=\"text-color-xsdn-color btn-disable-hover\"><img decoding=\"async\" class=\"\" src=\"https:\/\/www.itcwine.com\/wp-content\/uploads\/2023\/01\/support.png\" width=\"512\" height=\"512\" alt=\"\"  \/><\/span><\/div><div class=\"icon-box-content\"><div class=\"icon-box-heading icon-box-fa-1x\"><p class=\"font-654085  fontspace-135905\">commercial team<\/p><\/div><\/div><\/div><div class=\"vc_custom_heading_wrap\"><div class=\"heading-text el-text single-curtain animate_inner_when_almost_visible el-text-split\" data-delay=\"500\" data-speed=\"500\" data-interval=\"500\"><h2 class=\"font-654085 fontsize-445851 font-weight-500 text-color-xsdn-color font-obs\" data-style=\"normal\" data-weight=\"500\" data-font=\"Josefin Sans\"><span class=\"heading-text-inner\"><span class=\"split-word word1\"><span class=\"split-word-flow\"><span class=\"split-word-inner\"><span class=\"split-char char92\">7<\/span><\/span><\/span><\/span><\/span><\/h2><\/div><div class=\"clear\"><\/div><\/div><\/div><\/div><\/div><\/div><\/div><div class=\"wpb_column pos-top pos-center align_center align_center_tablet align_center_mobile column_child col-lg-4 boomapps_vccolumn col-md-100 col-md-clear single-internal-gutter\"><div class=\"uncol style-dark font-110369\" ><div class=\"uncoltable\"><div class=\"uncell  boomapps_vccolumn no-block-padding\" ><div class=\"uncont\"><div class=\"animate_when_almost_visible zoom-out icon-box icon-box-top  icon-media-image\" data-delay=\"300\"><div class=\"icon-box-icon fa-container\" style=\"width:150px;\"><span class=\"text-color-xsdn-color btn-disable-hover\"><img decoding=\"async\" class=\"\" src=\"https:\/\/www.itcwine.com\/wp-content\/uploads\/2023\/01\/planet-earth.png\" width=\"512\" height=\"512\" alt=\"\"  \/><\/span><\/div><div class=\"icon-box-content\"><div class=\"icon-box-heading icon-box-fa-1x\"><p class=\"font-654085  fontspace-135905\">markets reached<\/p><\/div><\/div><\/div><div class=\"vc_custom_heading_wrap\"><div class=\"heading-text el-text single-curtain animate_inner_when_almost_visible el-text-split\" data-delay=\"500\" data-speed=\"500\" data-interval=\"500\"><h2 class=\"font-654085 fontsize-445851 font-weight-500 text-color-xsdn-color font-obs\" data-style=\"normal\" data-weight=\"500\" data-font=\"Josefin Sans\"><span class=\"heading-text-inner\"><span class=\"split-word word1\"><span class=\"split-word-flow\"><span class=\"split-word-inner\"><span class=\"split-char char92\">3<\/span><span class=\"split-char char93\">5<\/span><\/span><\/span><\/span><\/span><\/h2><\/div><div class=\"clear\"><\/div><\/div><\/div><\/div><\/div><\/div><\/div><div class=\"wpb_column pos-middle pos-center align_center align_center_tablet align_center_mobile column_child col-lg-4 boomapps_vccolumn col-md-100 col-md-clear single-internal-gutter\"><div class=\"uncol style-dark\" ><div class=\"uncoltable\"><div class=\"uncell  boomapps_vccolumn no-block-padding\" ><div class=\"uncont\"><div class=\"animate_when_almost_visible zoom-out icon-box icon-box-top  icon-media-image\" data-delay=\"500\"><div class=\"icon-box-icon fa-container\" style=\"width:150px;\"><span class=\"text-color-xsdn-color btn-disable-hover\"><img decoding=\"async\" class=\"\" src=\"https:\/\/www.itcwine.com\/wp-content\/uploads\/2023\/01\/social-care.png\" width=\"512\" height=\"512\" alt=\"\"  \/><\/span><\/div><div class=\"icon-box-content\"><div class=\"icon-box-heading icon-box-fa-1x\"><p class=\"font-654085  fontspace-135905\">customers served<\/p><\/div><\/div><\/div><div class=\"vc_custom_heading_wrap\"><div class=\"heading-text el-text single-curtain animate_inner_when_almost_visible el-text-split\" data-delay=\"500\" data-speed=\"500\" data-interval=\"500\"><h2 class=\"font-654085 fontsize-445851 font-weight-500 text-color-xsdn-color font-obs\" data-style=\"normal\" data-weight=\"500\" data-font=\"Josefin Sans\"><span class=\"heading-text-inner\"><span class=\"split-word word1\"><span class=\"split-word-flow\"><span class=\"split-word-inner\"><span class=\"split-char char93\">+<\/span><span class=\"split-char char94\">3<\/span><span class=\"split-char char95\">0<\/span><span class=\"split-char char96\">0<\/span><\/span><\/span><\/span><\/span><\/h2><\/div><div class=\"clear\"><\/div><\/div><\/div><\/div><\/div><\/div><\/div><\/div><\/div><\/div><div class=\"empty-space empty-half\" ><span class=\"empty-space-inner\"><\/span><\/div>\n<\/div><\/div><\/div><\/div><\/div><script id=\"script-row-unique-1\" data-row=\"script-row-unique-1\" type=\"text\/javascript\" class=\"vc_controls\">UNCODE.initRow(document.getElementById(\"row-unique-1\"));<\/script><\/div><\/div><\/div>","protected":false},"excerpt":{"rendered":"Chi SiamoPartnersinwineITC Wine e\u0300 un nuovo concetto di aggregazione di produttori vinicoli, nato nel 2017 allo scopo di massimizzare supporto, [...]","protected":false},"author":1,"featured_media":75560,"parent":0,"menu_order":0,"comment_status":"closed","ping_status":"closed","template":"","meta":[],"yoast_head":"<!-- This site is optimized with the Yoast SEO plugin v20.0 - https:\/\/yoast.com\/wordpress\/plugins\/seo\/ -->\n<title>ITC wine - We are worldwide<\/title>\n<meta name=\"description\" content=\"ITC \u00e8 una societ\u00e0 di sviluppo del marchio impegnata a far s\u00ec che le aziende vinicole girino per le stelle: forniamo assistenza per la gestione delle esportazioni commerciali e soluzioni di strutturazione del marchio privato.\" \/>\n<meta name=\"robots\" content=\"index, follow, max-snippet:-1, max-image-preview:large, max-video-preview:-1\" \/>\n<link rel=\"canonical\" href=\"https:\/\/www.itcwine.com\/en\/\" \/>\n<meta property=\"og:locale\" content=\"en_US\" \/>\n<meta property=\"og:type\" content=\"article\" \/>\n<meta property=\"og:title\" content=\"ITC wine - We are worldwide\" \/>\n<meta property=\"og:description\" content=\"ITC \u00e8 una societ\u00e0 di sviluppo del marchio impegnata a far s\u00ec che le aziende vinicole girino per le stelle: forniamo assistenza per la gestione delle esportazioni commerciali e soluzioni di strutturazione del marchio privato.\" \/>\n<meta property=\"og:url\" content=\"https:\/\/www.itcwine.com\/en\/\" \/>\n<meta property=\"og:site_name\" content=\"ITC Wine\" \/>\n<meta property=\"article:modified_time\" content=\"2023-02-01T12:14:18+00:00\" \/>\n<meta property=\"og:image\" content=\"https:\/\/www.itcwine.com\/wp-content\/uploads\/2023\/02\/ITCwine_logo_1.png\" \/>\n\t<meta property=\"og:image:width\" content=\"2807\" \/>\n\t<meta property=\"og:image:height\" content=\"1020\" \/>\n\t<meta property=\"og:image:type\" content=\"image\/png\" \/>\n<meta name=\"twitter:card\" content=\"summary_large_image\" \/>\n<meta name=\"twitter:label1\" content=\"Est. reading time\" \/>\n\t<meta name=\"twitter:data1\" content=\"2 minutes\" \/>\n<script type=\"application\/ld+json\" class=\"yoast-schema-graph\">{\"@context\":\"https:\/\/schema.org\",\"@graph\":[{\"@type\":\"WebPage\",\"@id\":\"https:\/\/www.itcwine.com\/\",\"url\":\"https:\/\/www.itcwine.com\/\",\"name\":\"ITC wine - We are worldwide\",\"isPartOf\":{\"@id\":\"https:\/\/www.itcwine.com\/#website\"},\"datePublished\":\"2017-05-10T09:43:40+00:00\",\"dateModified\":\"2023-02-01T12:14:18+00:00\",\"description\":\"ITC \u00e8 una societ\u00e0 di sviluppo del marchio impegnata a far s\u00ec che le aziende vinicole girino per le stelle: forniamo assistenza per la gestione delle esportazioni commerciali e soluzioni di strutturazione del marchio privato.\",\"breadcrumb\":{\"@id\":\"https:\/\/www.itcwine.com\/#breadcrumb\"},\"inLanguage\":\"en-US\",\"potentialAction\":[{\"@type\":\"ReadAction\",\"target\":[\"https:\/\/www.itcwine.com\/\"]}]},{\"@type\":\"BreadcrumbList\",\"@id\":\"https:\/\/www.itcwine.com\/#breadcrumb\",\"itemListElement\":[{\"@type\":\"ListItem\",\"position\":1,\"name\":\"Home\",\"item\":\"https:\/\/www.itcwine.com\/\"},{\"@type\":\"ListItem\",\"position\":2,\"name\":\"ITC wine\"}]},{\"@type\":\"WebSite\",\"@id\":\"https:\/\/www.itcwine.com\/#website\",\"url\":\"https:\/\/www.itcwine.com\/\",\"name\":\"ITC Wine\",\"description\":\"We are worldwide\",\"publisher\":{\"@id\":\"https:\/\/www.itcwine.com\/#organization\"},\"alternateName\":\"ITC\",\"potentialAction\":[{\"@type\":\"SearchAction\",\"target\":{\"@type\":\"EntryPoint\",\"urlTemplate\":\"https:\/\/www.itcwine.com\/?s={search_term_string}\"},\"query-input\":\"required name=search_term_string\"}],\"inLanguage\":\"en-US\"},{\"@type\":\"Organization\",\"@id\":\"https:\/\/www.itcwine.com\/#organization\",\"name\":\"ITC wine\",\"alternateName\":\"ITC\",\"url\":\"https:\/\/www.itcwine.com\/\",\"logo\":{\"@type\":\"ImageObject\",\"inLanguage\":\"en-US\",\"@id\":\"https:\/\/www.itcwine.com\/#\/schema\/logo\/image\/\",\"url\":\"https:\/\/www.itcwine.com\/wp-content\/uploads\/2018\/10\/ITCwine_logo.png\",\"contentUrl\":\"https:\/\/www.itcwine.com\/wp-content\/uploads\/2018\/10\/ITCwine_logo.png\",\"width\":3368,\"height\":1454,\"caption\":\"ITC wine\"},\"image\":{\"@id\":\"https:\/\/www.itcwine.com\/#\/schema\/logo\/image\/\"}}]}<\/script>\n<!-- \/ Yoast SEO plugin. -->","yoast_head_json":{"title":"ITC wine - We are worldwide","description":"ITC \u00e8 una societ\u00e0 di sviluppo del marchio impegnata a far s\u00ec che le aziende vinicole girino per le stelle: forniamo assistenza per la gestione delle esportazioni commerciali e soluzioni di strutturazione del marchio privato.","robots":{"index":"index","follow":"follow","max-snippet":"max-snippet:-1","max-image-preview":"max-image-preview:large","max-video-preview":"max-video-preview:-1"},"canonical":"https:\/\/www.itcwine.com\/en\/","og_locale":"en_US","og_type":"article","og_title":"ITC wine - We are worldwide","og_description":"ITC \u00e8 una societ\u00e0 di sviluppo del marchio impegnata a far s\u00ec che le aziende vinicole girino per le stelle: forniamo assistenza per la gestione delle esportazioni commerciali e soluzioni di strutturazione del marchio privato.","og_url":"https:\/\/www.itcwine.com\/en\/","og_site_name":"ITC Wine","article_modified_time":"2023-02-01T12:14:18+00:00","og_image":[{"width":2807,"height":1020,"url":"https:\/\/www.itcwine.com\/wp-content\/uploads\/2023\/02\/ITCwine_logo_1.png","type":"image\/png"}],"twitter_card":"summary_large_image","twitter_misc":{"Est. reading time":"2 minutes"},"schema":{"@context":"https:\/\/schema.org","@graph":[{"@type":"WebPage","@id":"https:\/\/www.itcwine.com\/","url":"https:\/\/www.itcwine.com\/","name":"ITC wine - We are worldwide","isPartOf":{"@id":"https:\/\/www.itcwine.com\/#website"},"datePublished":"2017-05-10T09:43:40+00:00","dateModified":"2023-02-01T12:14:18+00:00","description":"ITC \u00e8 una societ\u00e0 di sviluppo del marchio impegnata a far s\u00ec che le aziende vinicole girino per le stelle: forniamo assistenza per la gestione delle esportazioni commerciali e soluzioni di strutturazione del marchio privato.","breadcrumb":{"@id":"https:\/\/www.itcwine.com\/#breadcrumb"},"inLanguage":"en-US","potentialAction":[{"@type":"ReadAction","target":["https:\/\/www.itcwine.com\/"]}]},{"@type":"BreadcrumbList","@id":"https:\/\/www.itcwine.com\/#breadcrumb","itemListElement":[{"@type":"ListItem","position":1,"name":"Home","item":"https:\/\/www.itcwine.com\/"},{"@type":"ListItem","position":2,"name":"ITC wine"}]},{"@type":"WebSite","@id":"https:\/\/www.itcwine.com\/#website","url":"https:\/\/www.itcwine.com\/","name":"ITC Wine","description":"We are worldwide","publisher":{"@id":"https:\/\/www.itcwine.com\/#organization"},"alternateName":"ITC","potentialAction":[{"@type":"SearchAction","target":{"@type":"EntryPoint","urlTemplate":"https:\/\/www.itcwine.com\/?s={search_term_string}"},"query-input":"required name=search_term_string"}],"inLanguage":"en-US"},{"@type":"Organization","@id":"https:\/\/www.itcwine.com\/#organization","name":"ITC wine","alternateName":"ITC","url":"https:\/\/www.itcwine.com\/","logo":{"@type":"ImageObject","inLanguage":"en-US","@id":"https:\/\/www.itcwine.com\/#\/schema\/logo\/image\/","url":"https:\/\/www.itcwine.com\/wp-content\/uploads\/2018\/10\/ITCwine_logo.png","contentUrl":"https:\/\/www.itcwine.com\/wp-content\/uploads\/2018\/10\/ITCwine_logo.png","width":3368,"height":1454,"caption":"ITC wine"},"image":{"@id":"https:\/\/www.itcwine.com\/#\/schema\/logo\/image\/"}}]}},"_links":{"self":[{"href":"https:\/\/www.itcwine.com\/en\/wp-json\/wp\/v2\/pages\/57781"}],"collection":[{"href":"https:\/\/www.itcwine.com\/en\/wp-json\/wp\/v2\/pages"}],"about":[{"href":"https:\/\/www.itcwine.com\/en\/wp-json\/wp\/v2\/types\/page"}],"author":[{"embeddable":true,"href":"https:\/\/www.itcwine.com\/en\/wp-json\/wp\/v2\/users\/1"}],"replies":[{"embeddable":true,"href":"https:\/\/www.itcwine.com\/en\/wp-json\/wp\/v2\/comments?post=57781"}],"version-history":[{"count":108,"href":"https:\/\/www.itcwine.com\/en\/wp-json\/wp\/v2\/pages\/57781\/revisions"}],"predecessor-version":[{"id":75791,"href":"https:\/\/www.itcwine.com\/en\/wp-json\/wp\/v2\/pages\/57781\/revisions\/75791"}],"wp:featuredmedia":[{"embeddable":true,"href":"https:\/\/www.itcwine.com\/en\/wp-json\/wp\/v2\/media\/75560"}],"wp:attachment":[{"href":"https:\/\/www.itcwine.com\/en\/wp-json\/wp\/v2\/media?parent=57781"}],"curies":[{"name":"wp","href":"https:\/\/api.w.org\/{rel}","templated":true}]}}